{"id":3437,"date":"2025-04-19T21:54:15","date_gmt":"2025-04-19T19:54:15","guid":{"rendered":"https:\/\/www.denbora.org\/blog\/?page_id=3437"},"modified":"2025-04-19T21:54:58","modified_gmt":"2025-04-19T19:54:58","slug":"quienes-somos-2","status":"publish","type":"page","link":"https:\/\/www.denbora.org\/blog\/quienes-somos-2\/","title":{"rendered":"QUI\u00c9NES SOMOS"},"content":{"rendered":"\n<p>En 1982 el<a href=\"https:\/\/www.barakaldo.eus\/portal\/es\/web\/cultura\/programas-culturales\"> \u00c1rea de Cultura de Barakaldo <\/a>realiz\u00f3 unos cursos de fotograf\u00eda para los habitantes del municipio. Aquella  actividad, result\u00f3 ser un \u00e9xito y, meses despu\u00e9s, fueron convocados sus participantes para iniciar una asociaci\u00f3n fotogr\u00e1fica para el pueblo. <\/p>\n\n\n\n<p>De esa convocatoria siete amantes de este arte aceptaron el reto y se comenz\u00f3 a gestar una de las asociaciones m\u00e1s longevas de la zona: <strong>Denbora<\/strong>.<\/p>\n\n\n\n<p>En aquella \u00e9poca, en la que la fotograf\u00eda digital s\u00f3lo se encontraba en la ciencia ficci\u00f3n, se empez\u00f3 a funcionar en un  laboratorio fotogr\u00e1fico en blanco y negro que el ayuntamiento ten\u00eda en la biblioteca El Casino (Actualmente denominada Biblioteca Central).<\/p>\n\n\n\n<p>Denbora creci\u00f3 y se adapt\u00f3 a los nuevos tiempos. Las sales de plata, ampliadoras y carretes fueron dando paso a la era digital. Nuevas tecnolog\u00edas pero la misma pasi\u00f3n.<\/p>\n\n\n\n<p>A lo largo de est\u00e1s m\u00e1s de 4 d\u00e9cadas muchos y muchas amantes de la fotograf\u00eda, de cualquier nivel,  han pasado por nuestras filas ya que la \u00fanica condici\u00f3n que ponemos a nuestros socios es disfrutar de captar momentos \u00fanicos; congelamos la luz, el espacio y el tiempo, en una sola toma. <\/p>\n\n\n\n<p>En 2004 nace <a href=\"https:\/\/www.denbora.org\/foroa\/\" data-type=\"URL\" data-id=\"https:\/\/www.denbora.org\/foroa\/\">El Foro<\/a>. Un lugar de reuni\u00f3n para compartir nuestras inquietudes fotogr\u00e1ficas y que esta abierto tambi\u00e9n a los no socios. Un lugar donde cualquiera puede participar en nuestro concurso mensual <a href=\"https:\/\/www.denbora.org\/blog\/12-meses-12-fotos\/\">12 meses, 12 fotos<\/a> del cual 1 vez al a\u00f1o hacemos una exposici\u00f3n con las fotos ganadoras.<\/p>\n\n\n\n<p>En todos estos a\u00f1os hemos encontrado a grandes compa\u00f1eros, muchas horas juntos captando im\u00e1genes, muchos proyectos y exposiciones. Pero con las mismas ganas que cuando nacimos.<\/p>\n\n\n\n<p>Ahora que ya nos conoces y si quieres ponerte en contacto con nosotros, tan solo has de rellenar el formulario en nuestra secci\u00f3n de <a href=\"https:\/\/www.denbora.org\/blog\/contacto\/\">contacto<\/a><\/p>\n","protected":false},"excerpt":{"rendered":"<p>En 1982 el \u00c1rea de Cultura de Barakaldo realiz\u00f3 unos cursos de fotograf\u00eda para los habitantes del municipio. Aquella actividad, result\u00f3 ser un \u00e9xito y, meses despu\u00e9s, fueron convocados sus&hellip;<\/p>\n","protected":false},"author":9,"featured_media":0,"parent":0,"menu_order":0,"comment_status":"closed","ping_status":"closed","template":"","meta":{"jetpack_post_was_ever_published":false},"jetpack_sharing_enabled":true,"jetpack_shortlink":"https:\/\/wp.me\/P8u1Rb-Tr","jetpack-related-posts":[{"id":13,"url":"https:\/\/www.denbora.org\/blog\/quienes-somos\/","url_meta":{"origin":3437,"position":0},"title":"QUIENES SOMOS","date":"16\/08\/2007","format":false,"excerpt":"En 1982, apareci\u00f3 el primer ordenador dom\u00e9stico, el ZX-Spectrum de Sinclair. \u00a1Qui\u00e9n se iba a imaginar entonces que la fotograf\u00eda se iba a digitalizar en pocos a\u00f1os! Pues ese mismo a\u00f1o naci\u00f3 tambi\u00e9n DENBORA. El \u00c1rea de Cultura del Ayuntamiento de Barakaldo convoc\u00f3 (por carta, claro) a los asistentes a\u2026","rel":"","context":"En \u00abEventos y concursos\u00bb","img":{"alt_text":"","src":"","width":0,"height":0},"classes":[]},{"id":3452,"url":"https:\/\/www.denbora.org\/blog\/cursos-2\/","url_meta":{"origin":3437,"position":1},"title":"CURSOS","date":"24\/04\/2025","format":false,"excerpt":"A lo largo del a\u00f1o realizamos diversos cursos para todo el mundo, independientemente de que seas socio o no. El m\u00e1s destacado es el de iniciaci\u00f3n. Un curso fijo que realizamos para aquellas personas que quieran aprender fotograf\u00eda y a\u00fan no saben por donde empezar. Si quieres estar al d\u00eda\u2026","rel":"","context":"Entrada similar","img":{"alt_text":"","src":"","width":0,"height":0},"classes":[]},{"id":8,"url":"https:\/\/www.denbora.org\/blog\/contacto\/","url_meta":{"origin":3437,"position":2},"title":"CONTACTO","date":"20\/07\/2007","format":false,"excerpt":"\u00a0 Has dado con el sitio perfecto si, entre tus aficiones, est\u00e1 la fotograf\u00eda. Es el hilo que nos une a todos nosotros. Puedes visitarnos cuantas veces desees, siempre ser\u00e1s bienvenido a \u00e9ste, nuestro peque\u00f1o sitio de reuni\u00f3n en la Red. Y esta nuestra direcci\u00f3n de contacto: info@denbora.org o rellena\u2026","rel":"","context":"En \u00abEventos y concursos\u00bb","img":{"alt_text":"","src":"","width":0,"height":0},"classes":[]},{"id":3703,"url":"https:\/\/www.denbora.org\/blog\/curso-de-iniciacion-a-la-fotografia-2026\/","url_meta":{"origin":3437,"position":3},"title":"Curso de Iniciaci\u00f3n a la Fotograf\u00eda 2026","date":"06\/01\/2026","format":false,"excerpt":"\u00bfQuieres aprender fotograf\u00eda desde cero y entender realmente c\u00f3mo funciona tu c\u00e1mara?Este curso presencial de iniciaci\u00f3n a la fotograf\u00eda est\u00e1 dise\u00f1ado para personas sin experiencia previa que desean dar sus primeros pasos y empezar a hacer fotos con criterio y creatividad. A lo largo del curso aprender\u00e1s los fundamentos esenciales\u2026","rel":"","context":"Entrada similar","img":{"alt_text":"","src":"","width":0,"height":0},"classes":[]},{"id":3202,"url":"https:\/\/www.denbora.org\/blog\/","url_meta":{"origin":3437,"position":4},"title":"Home","date":"06\/04\/2025","format":false,"excerpt":"","rel":"","context":"Entrada similar","img":{"alt_text":"","src":"","width":0,"height":0},"classes":[]},{"id":3203,"url":"https:\/\/www.denbora.org\/blog\/blog\/","url_meta":{"origin":3437,"position":5},"title":"Blog","date":"06\/04\/2025","format":false,"excerpt":"","rel":"","context":"Entrada similar","img":{"alt_text":"","src":"","width":0,"height":0},"classes":[]}],"_links":{"self":[{"href":"https:\/\/www.denbora.org\/blog\/wp-json\/wp\/v2\/pages\/3437"}],"collection":[{"href":"https:\/\/www.denbora.org\/blog\/wp-json\/wp\/v2\/pages"}],"about":[{"href":"https:\/\/www.denbora.org\/blog\/wp-json\/wp\/v2\/types\/page"}],"author":[{"embeddable":true,"href":"https:\/\/www.denbora.org\/blog\/wp-json\/wp\/v2\/users\/9"}],"replies":[{"embeddable":true,"href":"https:\/\/www.denbora.org\/blog\/wp-json\/wp\/v2\/comments?post=3437"}],"version-history":[{"count":1,"href":"https:\/\/www.denbora.org\/blog\/wp-json\/wp\/v2\/pages\/3437\/revisions"}],"predecessor-version":[{"id":3438,"href":"https:\/\/www.denbora.org\/blog\/wp-json\/wp\/v2\/pages\/3437\/revisions\/3438"}],"wp:attachment":[{"href":"https:\/\/www.denbora.org\/blog\/wp-json\/wp\/v2\/media?parent=3437"}],"curies":[{"name":"wp","href":"https:\/\/api.w.org\/{rel}","templated":true}]}}