{"id":3452,"date":"2025-04-24T20:20:42","date_gmt":"2025-04-24T18:20:42","guid":{"rendered":"https:\/\/www.denbora.org\/blog\/?page_id=3452"},"modified":"2025-04-24T20:21:14","modified_gmt":"2025-04-24T18:21:14","slug":"cursos-2","status":"publish","type":"page","link":"https:\/\/www.denbora.org\/blog\/cursos-2\/","title":{"rendered":"CURSOS"},"content":{"rendered":"\n<p>A lo largo del a\u00f1o realizamos diversos cursos para todo el mundo, independientemente de que seas socio o no. <\/p>\n\n\n\n<p>El m\u00e1s destacado es el de iniciaci\u00f3n. Un curso fijo que realizamos para aquellas personas que quieran aprender fotograf\u00eda y a\u00fan no saben por donde empezar.<\/p>\n\n\n\n<p>Si quieres estar al d\u00eda de ellos puedes escribirnos a <a href=\"mailto:cursos@denbora.org\">cursos@denbora.org<\/a> o rellenar el formulario<\/p>\n\n\n<div class=\"wp-block-jetpack-contact-form\"><a href=\"https:\/\/www.denbora.org\/blog\/cursos-2\/\" target=\"_blank\" rel=\"noopener noreferrer\">Env\u00eda un formulario.<\/a><\/div>","protected":false},"excerpt":{"rendered":"<p>A lo largo del a\u00f1o realizamos diversos cursos para todo el mundo, independientemente de que seas socio o no. El m\u00e1s destacado es el de iniciaci\u00f3n. Un curso fijo que&hellip;<\/p>\n","protected":false},"author":1,"featured_media":0,"parent":0,"menu_order":0,"comment_status":"closed","ping_status":"closed","template":"","meta":{"jetpack_post_was_ever_published":false},"jetpack_sharing_enabled":true,"jetpack_shortlink":"https:\/\/wp.me\/P8u1Rb-TG","jetpack-related-posts":[{"id":3437,"url":"https:\/\/www.denbora.org\/blog\/quienes-somos-2\/","url_meta":{"origin":3452,"position":0},"title":"QUI\u00c9NES SOMOS","date":"19\/04\/2025","format":false,"excerpt":"En 1982 el \u00c1rea de Cultura de Barakaldo realiz\u00f3 unos cursos de fotograf\u00eda para los habitantes del municipio. Aquella actividad, result\u00f3 ser un \u00e9xito y, meses despu\u00e9s, fueron convocados sus participantes para iniciar una asociaci\u00f3n fotogr\u00e1fica para el pueblo. De esa convocatoria siete amantes de este arte aceptaron el reto\u2026","rel":"","context":"Entrada similar","img":{"alt_text":"","src":"","width":0,"height":0},"classes":[]},{"id":3703,"url":"https:\/\/www.denbora.org\/blog\/curso-de-iniciacion-a-la-fotografia-2026\/","url_meta":{"origin":3452,"position":1},"title":"Curso de Iniciaci\u00f3n a la Fotograf\u00eda 2026","date":"06\/01\/2026","format":false,"excerpt":"\u00bfQuieres aprender fotograf\u00eda desde cero y entender realmente c\u00f3mo funciona tu c\u00e1mara?Este curso presencial de iniciaci\u00f3n a la fotograf\u00eda est\u00e1 dise\u00f1ado para personas sin experiencia previa que desean dar sus primeros pasos y empezar a hacer fotos con criterio y creatividad. A lo largo del curso aprender\u00e1s los fundamentos esenciales\u2026","rel":"","context":"Entrada similar","img":{"alt_text":"","src":"","width":0,"height":0},"classes":[]}],"_links":{"self":[{"href":"https:\/\/www.denbora.org\/blog\/wp-json\/wp\/v2\/pages\/3452"}],"collection":[{"href":"https:\/\/www.denbora.org\/blog\/wp-json\/wp\/v2\/pages"}],"about":[{"href":"https:\/\/www.denbora.org\/blog\/wp-json\/wp\/v2\/types\/page"}],"author":[{"embeddable":true,"href":"https:\/\/www.denbora.org\/blog\/wp-json\/wp\/v2\/users\/1"}],"replies":[{"embeddable":true,"href":"https:\/\/www.denbora.org\/blog\/wp-json\/wp\/v2\/comments?post=3452"}],"version-history":[{"count":2,"href":"https:\/\/www.denbora.org\/blog\/wp-json\/wp\/v2\/pages\/3452\/revisions"}],"predecessor-version":[{"id":3455,"href":"https:\/\/www.denbora.org\/blog\/wp-json\/wp\/v2\/pages\/3452\/revisions\/3455"}],"wp:attachment":[{"href":"https:\/\/www.denbora.org\/blog\/wp-json\/wp\/v2\/media?parent=3452"}],"curies":[{"name":"wp","href":"https:\/\/api.w.org\/{rel}","templated":true}]}}