{"id":3703,"date":"2026-01-06T15:02:33","date_gmt":"2026-01-06T13:02:33","guid":{"rendered":"https:\/\/www.denbora.org\/blog\/?page_id=3703"},"modified":"2026-01-13T23:06:30","modified_gmt":"2026-01-13T21:06:30","slug":"curso-de-iniciacion-a-la-fotografia-2026","status":"publish","type":"page","link":"https:\/\/www.denbora.org\/blog\/curso-de-iniciacion-a-la-fotografia-2026\/","title":{"rendered":"Curso de Iniciaci\u00f3n a la Fotograf\u00eda 2026"},"content":{"rendered":"\n<p>\u00bfQuieres aprender fotograf\u00eda desde cero y entender realmente c\u00f3mo funciona tu c\u00e1mara?<br>Este <strong>curso presencial de iniciaci\u00f3n a la fotograf\u00eda<\/strong> est\u00e1 dise\u00f1ado para personas sin experiencia previa que desean dar sus primeros pasos y empezar a hacer fotos con criterio y creatividad.<\/p>\n\n\n\n<p>A lo largo del curso aprender\u00e1s los fundamentos esenciales de la fotograf\u00eda: el manejo b\u00e1sico de la c\u00e1mara, la exposici\u00f3n (apertura, velocidad e ISO), el enfoque, la composici\u00f3n y el uso de la luz. Todo explicado de forma sencilla, con ejemplos pr\u00e1cticos y ejercicios presenciales para afianzar lo aprendido.<\/p>\n\n\n\n<h3>\u00bfA qui\u00e9n va dirigido?<\/h3>\n\n\n\n<ul><li>Personas que se inician en la fotograf\u00eda<\/li><li>Aficionados que quieren dejar el modo autom\u00e1tico<\/li><li>No se requieren conocimientos previos<\/li><li>Precio 80\u20ac<\/li><\/ul>\n\n\n\n<h3>Detalles del curso<\/h3>\n\n\n\n<p>\ud83d\udcc5 <strong>Fechas:<\/strong> del <strong>2 de marzo al 25 de mayo<\/strong><br>\ud83d\udd52 <strong>D\u00eda:<\/strong> lunes de 18:00h-20:00h<br>\ud83d\udccd <strong>Modalidad:<\/strong> presencial. Ugartebeitia 7, Barakaldo<\/p>\n\n\n\n<p>Al finalizar el curso tendr\u00e1s una base s\u00f3lida para seguir avanzando en fotograf\u00eda y empezar a desarrollar tu propio estilo visual.<\/p>\n\n\n\n<h3>Temario<\/h3>\n\n\n\n<p>\ud83d\udcf8 <strong>Da el primer paso y descubre todo lo que tu c\u00e1mara puede ofrecerte.<\/strong><\/p>\n\n\n\n<div class=\"wp-block-columns\">\n<div class=\"wp-block-column has-pale-cyan-blue-background-color has-background\">\n<p><strong>TEMARIO M\u00d3DULO 1<\/strong><\/p>\n\n\n\n<p>1. OBJETIVOS DEL CURSO.<\/p>\n\n\n\n<p>2. PARTES DE LA C\u00c1MARA DE FOTOS<br>&#8212; 2.1. \u00bfC\u00f3mo funciona?<\/p>\n\n\n\n<p>3. TIPOS DE C\u00c1MARA FOTOGR\u00c1FICA<br>&#8212;(C\u00e1maras compactas \/ Bridge o Prosumer \/ Evil, Cuatro Tercios o Mirrorles \/ R\u00e9flex o DSLR (Digital Single Lens R\u00e9flex) \/ Medio formato \/ M\u00f3vil)<\/p>\n\n\n\n<p>4. EMPIEZA LO BUENO.<\/p>\n\n\n\n<p>5. LA EXPOSICI\u00d3N.<br>&#8212;5.1.Cantidad de luz.<br>&#8212;&#8212;5.1.1. El diafragma.<br>&#8212;&#8212;5.1.2. Profundidad de Campo.<br>&#8212;5.2. Tiempo de exposici\u00f3n.<br>&#8212;&#8212;5.2.1.El obturador.<br>&#8212;&#8212;5.2.2. Trepidaci\u00f3n.<br>&#8212;5.3. Sensibilidad del sensor.<br>&#8212;5.4. Unificando las 3 variables.<br>&#8212;5.5. \u00bfC\u00f3mo sabemos cu\u00e1l es la exposici\u00f3n correcta?.<br>&#8212;&#8212;5.5.1. El Fot\u00f3metro.<br>&#8212;&#8212;5.5.2. \u00bfC\u00f3mo sabe nuestra c\u00e1mara que la luz que mide el fot\u00f3metro es la id\u00f3nea?.<br>&#8212;5.6 Modos de exposici\u00f3n o modos de disparo.<br>&#8212;&#8212;5.6.1. Prioridad a la apertura.<br>&#8212;&#8212;5.6.2. Prioridad a la velocidad.<br>&#8212;&#8212;5.6.3. Modo manual.<br>&#8212;&#8212;&#8212;5.6.3.1. Modo Bulb.<br>&#8212;&#8212;5.6.4. Compensaci\u00f3n de la exposici\u00f3n.<br>&#8212;5.7. Bracketing o Ahorquillado.<br>&#8212;&#8212;5.7.1. Tipos de bracketing.<\/p>\n\n\n\n<p>6. MODOS DE MEDICI\u00d3N.<br>&#8212;(6.1. Medici\u00f3n Evaluativa o Matricial \/ 6.2. Parcial \/ 6.3. Ponderada al Centro \/ 6.4. Puntual)<\/p>\n\n\n\n<p>7. MODOS DE DISPARO.<\/p>\n\n\n\n<p>8. EL ENFOQUE.<br>&#8212;8.1. Pantalla de enfoque.<br>&#8212;8.2. Sensor de autofoco.<br>&#8212;8.3. Modos de enfoque.<br>&#8212;8.4. \u00c1reas de enfoque.<br>&#8212;8.5. Enfoque selectivo.<br>&#8212;8.6.Distancia hiperfocal.<br>&#8212;&#8212;8.6.1. C\u00e1lculo de la distancia hiperfocal.<\/p>\n<\/div>\n\n\n\n<div class=\"wp-block-column has-vivid-green-cyan-background-color has-background\">\n<p><strong>TEMARIO M\u00d3DULO 2<\/strong><\/p>\n\n\n\n<p>9. EL OBJETIVO.<br>&#8212;9.1. Caracter\u00edsticas de los objetivos.<br>&#8212;9.2. Partes del objetivo.<br>&#8212;9.3. Longitud Focal.<br>&#8212;&#8212;9.3.1. Distancia Focal Real y Distancia Focal Efectiva.<br>&#8212;&#8212;9.3.2. Ancho Sensor Full Frame (35mm) \/ Ancho Sensor Nuestra C\u00e1mara = Factor de recorte.<br>&#8212;9.4. Tipos de objetivos.<br>&#8212;(Ojo de pez \/ Angular. \/ Estandar 50mm\/ Teleobjetivo \/ Super teleobjetivos \/ Todo terreno \/ Objetivos macro \/ Objetivos descentrables \/ Catadi\u00f3ptricos \/ Duplicadores \/ Tubos de extensi\u00f3n)<\/p>\n\n\n\n<p>10. FILTROS.<br>&#8212;(Filtro ultravioleta (UV) \/ Polarizador \/ Densidad neutra (Neutral Density) \/ Degradados, degradado Soft (transici\u00f3n suave), degradado Hard (transici\u00f3n dura), degradado Inverso \/ Otros filtro).<\/p>\n\n\n\n<p>11. FOTOGRAF\u00cdA CREATIVA.<br>&#8212;11.1. \u00bfQu\u00e9 es la composici\u00f3n fotogr\u00e1fica?.<br>&#8212;11.2. Recursos compositivos.<br>&#8212;11.3. El Retrato.<\/p>\n\n\n\n<p>12. EL SENSOR.<br>&#8212;12.1. Tama\u00f1o del sensor.<br>&#8212;12.2. Longitud focal y tama\u00f1o del sensor.<br>&#8212;12.3. Sensor y color.<\/p>\n\n\n\n<p>13. EL FLASH.<br>&#8212;13.1. El numero gu\u00eda.<br>&#8212;13.2. Ley inversa del cuadrado.<br>&#8212;13.3. Control de la potencia del flash..<br>&#8212;13.4. Velocidad de sincronizaci\u00f3n.<br>&#8212;13.5. Flash a distancia.<\/p>\n\n\n\n<p>14. LA IMAGEN DIGITAL.<br>&#8212;14.1. Tono de color.<br>&#8212;14.2. Saturaci\u00f3n.<br>&#8212;14.3. Contraste.<br>&#8212;14.4. Balance de blancos (White Balance, WB).<br>&#8212;(Balance de blancos autom\u00e1tico, AWB \/ Tungsteno \/ Fluorescente \/ Luz de d\u00eda o soleado \/ Luz de flash \/ Nublado \/ Sombra \/ Balance personalizado<br>&#8212;14.5. Formato de imagen.<br>&#8212;&#8212;14.5.1. JPEG ( .jpg) (Joint Photographic Experts Group).<br>&#8212;&#8212;14.5.2 TIFF ( .tif) \/ PSD (.psd).<br>&#8212;&#8212;14.5.3. RAW \/ NEF \/ RAF \/ CR2.<br>&#8212;&#8212;14.5.4. Consejos sobre imagen digital.<br>&#8212;14.6. El histograma.<br>&#8212;&#8212;14.6.1. Histograma de alto contraste.<br>&#8212;&#8212;14.6.2. Histograma de bajo contraste.<br>&#8212;&#8212;14.6.3. Histograma de amplia gama tonal.<br>&#8212;&#8212;14.6.4. Histograma con luces quemadas.<br>&#8212;&#8212;14.6.5. Histograma con sombras empastadas.<br>&#8212;14.7. Modo \/ Espacio \/ Perfil de color.<br>&#8212;(Escala de grises \/ Indexado \/ RGB \/ CMYK \/LAB)<\/p>\n\n\n\n<p>15. PROCESADO RAW AJUSTES B\u00c1SICOS.<br>&#8212;15.1. Picture style o estilos de imagen.<\/p>\n\n\n\n<p>16. PROCESADO DE IMAGEN.<br>&#8212;16.1. Ajustes de tama\u00f1o.<br>&#8212;16.2. Ajustes de la temperatura de color y tono.<br>&#8212;16.3. Ajustes de la Exposici\u00f3n.<br>&#8212;16.4. Reparaci\u00f3n de manchas.<\/p>\n<\/div>\n<\/div>\n\n\n\n<p>Para cualquier duda que tengas puedes ponerte en contacto con <a href=\"mailto:cursos@denbora.org\">cursos@denbora.org<\/a> o rellenando el siguiente formulario<\/p>\n\n\n<div class=\"wp-block-jetpack-contact-form\"><a href=\"https:\/\/www.denbora.org\/blog\/curso-de-iniciacion-a-la-fotografia-2026\/\" target=\"_blank\" rel=\"noopener noreferrer\">Env\u00eda un formulario.<\/a><\/div>","protected":false},"excerpt":{"rendered":"<p>\u00bfQuieres aprender fotograf\u00eda desde cero y entender realmente c\u00f3mo funciona tu c\u00e1mara?Este curso presencial de iniciaci\u00f3n a la fotograf\u00eda est\u00e1 dise\u00f1ado para personas sin experiencia previa que desean dar sus&hellip;<\/p>\n","protected":false},"author":1,"featured_media":0,"parent":0,"menu_order":0,"comment_status":"closed","ping_status":"closed","template":"","meta":{"jetpack_post_was_ever_published":false},"jetpack_sharing_enabled":true,"jetpack_shortlink":"https:\/\/wp.me\/P8u1Rb-XJ","jetpack-related-posts":[{"id":3452,"url":"https:\/\/www.denbora.org\/blog\/cursos-2\/","url_meta":{"origin":3703,"position":0},"title":"CURSOS","date":"24\/04\/2025","format":false,"excerpt":"A lo largo del a\u00f1o realizamos diversos cursos para todo el mundo, independientemente de que seas socio o no. El m\u00e1s destacado es el de iniciaci\u00f3n. Un curso fijo que realizamos para aquellas personas que quieran aprender fotograf\u00eda y a\u00fan no saben por donde empezar. Si quieres estar al d\u00eda\u2026","rel":"","context":"Entrada similar","img":{"alt_text":"","src":"","width":0,"height":0},"classes":[]},{"id":3437,"url":"https:\/\/www.denbora.org\/blog\/quienes-somos-2\/","url_meta":{"origin":3703,"position":1},"title":"QUI\u00c9NES SOMOS","date":"19\/04\/2025","format":false,"excerpt":"En 1982 el \u00c1rea de Cultura de Barakaldo realiz\u00f3 unos cursos de fotograf\u00eda para los habitantes del municipio. Aquella actividad, result\u00f3 ser un \u00e9xito y, meses despu\u00e9s, fueron convocados sus participantes para iniciar una asociaci\u00f3n fotogr\u00e1fica para el pueblo. De esa convocatoria siete amantes de este arte aceptaron el reto\u2026","rel":"","context":"Entrada similar","img":{"alt_text":"","src":"","width":0,"height":0},"classes":[]},{"id":13,"url":"https:\/\/www.denbora.org\/blog\/quienes-somos\/","url_meta":{"origin":3703,"position":2},"title":"QUIENES SOMOS","date":"16\/08\/2007","format":false,"excerpt":"En 1982, apareci\u00f3 el primer ordenador dom\u00e9stico, el ZX-Spectrum de Sinclair. \u00a1Qui\u00e9n se iba a imaginar entonces que la fotograf\u00eda se iba a digitalizar en pocos a\u00f1os! Pues ese mismo a\u00f1o naci\u00f3 tambi\u00e9n DENBORA. El \u00c1rea de Cultura del Ayuntamiento de Barakaldo convoc\u00f3 (por carta, claro) a los asistentes a\u2026","rel":"","context":"En \u00abEventos y concursos\u00bb","img":{"alt_text":"","src":"","width":0,"height":0},"classes":[]},{"id":8,"url":"https:\/\/www.denbora.org\/blog\/contacto\/","url_meta":{"origin":3703,"position":3},"title":"CONTACTO","date":"20\/07\/2007","format":false,"excerpt":"\u00a0 Has dado con el sitio perfecto si, entre tus aficiones, est\u00e1 la fotograf\u00eda. Es el hilo que nos une a todos nosotros. Puedes visitarnos cuantas veces desees, siempre ser\u00e1s bienvenido a \u00e9ste, nuestro peque\u00f1o sitio de reuni\u00f3n en la Red. Y esta nuestra direcci\u00f3n de contacto: info@denbora.org o rellena\u2026","rel":"","context":"En \u00abEventos y concursos\u00bb","img":{"alt_text":"","src":"","width":0,"height":0},"classes":[]}],"_links":{"self":[{"href":"https:\/\/www.denbora.org\/blog\/wp-json\/wp\/v2\/pages\/3703"}],"collection":[{"href":"https:\/\/www.denbora.org\/blog\/wp-json\/wp\/v2\/pages"}],"about":[{"href":"https:\/\/www.denbora.org\/blog\/wp-json\/wp\/v2\/types\/page"}],"author":[{"embeddable":true,"href":"https:\/\/www.denbora.org\/blog\/wp-json\/wp\/v2\/users\/1"}],"replies":[{"embeddable":true,"href":"https:\/\/www.denbora.org\/blog\/wp-json\/wp\/v2\/comments?post=3703"}],"version-history":[{"count":6,"href":"https:\/\/www.denbora.org\/blog\/wp-json\/wp\/v2\/pages\/3703\/revisions"}],"predecessor-version":[{"id":3727,"href":"https:\/\/www.denbora.org\/blog\/wp-json\/wp\/v2\/pages\/3703\/revisions\/3727"}],"wp:attachment":[{"href":"https:\/\/www.denbora.org\/blog\/wp-json\/wp\/v2\/media?parent=3703"}],"curies":[{"name":"wp","href":"https:\/\/api.w.org\/{rel}","templated":true}]}}