{"id":8,"date":"2007-07-20T12:03:34","date_gmt":"2007-07-20T10:03:34","guid":{"rendered":"http:\/\/www.denbora.org\/blog\/?page_id=8"},"modified":"2025-04-24T19:46:25","modified_gmt":"2025-04-24T17:46:25","slug":"contacto","status":"publish","type":"page","link":"https:\/\/www.denbora.org\/blog\/contacto\/","title":{"rendered":"CONTACTO"},"content":{"rendered":"<p>\u00a0<\/p>\n<p class=\"MsoNormal\"><span class=\"postbody\">Has dado con el sitio perfecto si, entre tus aficiones, est\u00e1 la fotograf\u00eda. Es el hilo que nos une a todos nosotros. Puedes visitarnos cuantas veces desees, siempre ser\u00e1s bienvenido a \u00e9ste, nuestro peque\u00f1o sitio de reuni\u00f3n en la Red. Y esta nuestra direcci\u00f3n de contacto: <a href=\"mailto:xxxxxxxx@xxxxxxxxxx.org\">info@denbora.org<\/a> o rellena el formulario. Pero si lo que quieres es conocernos en persona, tambi\u00e9n puedes hacerlo porque nos reunimos los primeros martes de cada mes en el local de la Asociaci\u00f3n en Barakaldo. No hay que pedir invitaci\u00f3n, pasa y si te gusta lo que ves y escuchas, pues qu\u00e9date entre nosotros y an\u00edmate a formar parte del grupo.<\/span><\/p>\n<p class=\"MsoNormal\">\u00a0<\/p>\n<p>\u00a0<\/p>\n\n<div class=\"wp-block-jetpack-contact-form\"><a href=\"https:\/\/www.denbora.org\/blog\/contacto\/\" target=\"_blank\" rel=\"noopener noreferrer\">Env\u00eda un formulario.<\/a><\/div>\n\n\n<p>Estamos en:<\/p>\n\n\n\n<p>C\/ Arana 5 (bajos de la Bilblioteca municipal)<\/p>\n\n\n\n<p>48901 Barakaldo<\/p>\n","protected":false},"excerpt":{"rendered":"<p>\u00a0 Has dado con el sitio perfecto si, entre tus aficiones, est\u00e1 la fotograf\u00eda. Es el hilo que nos une a todos nosotros. Puedes visitarnos cuantas veces desees, siempre ser\u00e1s&hellip;<\/p>\n","protected":false},"author":1,"featured_media":0,"parent":0,"menu_order":4,"comment_status":"closed","ping_status":"open","template":"","meta":{"jetpack_post_was_ever_published":false},"jetpack_sharing_enabled":true,"jetpack_shortlink":"https:\/\/wp.me\/P8u1Rb-8","jetpack-related-posts":[{"id":3423,"url":"https:\/\/www.denbora.org\/blog\/rrss-de-los-socios\/","url_meta":{"origin":8,"position":0},"title":"RRSS de los socios","date":"19\/04\/2025","format":false,"excerpt":"Puedes conocer nuestra actualidad en nuestro Instagram. Pero puedes tambi\u00e9n te invitamos que pases por las galerias de algunos de nuestros socio. S\u00edguenos para que la comunidad aumente. Ieltxu Mateo Josune Reoyo Pablo Oneka Tirado Edu Bartolome Pilar Romana","rel":"","context":"Entrada similar","img":{"alt_text":"","src":"","width":0,"height":0},"classes":[]},{"id":3437,"url":"https:\/\/www.denbora.org\/blog\/quienes-somos-2\/","url_meta":{"origin":8,"position":1},"title":"QUI\u00c9NES SOMOS","date":"19\/04\/2025","format":false,"excerpt":"En 1982 el \u00c1rea de Cultura de Barakaldo realiz\u00f3 unos cursos de fotograf\u00eda para los habitantes del municipio. Aquella actividad, result\u00f3 ser un \u00e9xito y, meses despu\u00e9s, fueron convocados sus participantes para iniciar una asociaci\u00f3n fotogr\u00e1fica para el pueblo. De esa convocatoria siete amantes de este arte aceptaron el reto\u2026","rel":"","context":"Entrada similar","img":{"alt_text":"","src":"","width":0,"height":0},"classes":[]},{"id":3452,"url":"https:\/\/www.denbora.org\/blog\/cursos-2\/","url_meta":{"origin":8,"position":2},"title":"CURSOS","date":"24\/04\/2025","format":false,"excerpt":"A lo largo del a\u00f1o realizamos diversos cursos para todo el mundo, independientemente de que seas socio o no. El m\u00e1s destacado es el de iniciaci\u00f3n. Un curso fijo que realizamos para aquellas personas que quieran aprender fotograf\u00eda y a\u00fan no saben por donde empezar. Si quieres estar al d\u00eda\u2026","rel":"","context":"Entrada similar","img":{"alt_text":"","src":"","width":0,"height":0},"classes":[]},{"id":3703,"url":"https:\/\/www.denbora.org\/blog\/curso-de-iniciacion-a-la-fotografia-2026\/","url_meta":{"origin":8,"position":3},"title":"Curso de Iniciaci\u00f3n a la Fotograf\u00eda 2026","date":"06\/01\/2026","format":false,"excerpt":"\u00bfQuieres aprender fotograf\u00eda desde cero y entender realmente c\u00f3mo funciona tu c\u00e1mara?Este curso presencial de iniciaci\u00f3n a la fotograf\u00eda est\u00e1 dise\u00f1ado para personas sin experiencia previa que desean dar sus primeros pasos y empezar a hacer fotos con criterio y creatividad. A lo largo del curso aprender\u00e1s los fundamentos esenciales\u2026","rel":"","context":"Entrada similar","img":{"alt_text":"","src":"","width":0,"height":0},"classes":[]},{"id":13,"url":"https:\/\/www.denbora.org\/blog\/quienes-somos\/","url_meta":{"origin":8,"position":4},"title":"QUIENES SOMOS","date":"16\/08\/2007","format":false,"excerpt":"En 1982, apareci\u00f3 el primer ordenador dom\u00e9stico, el ZX-Spectrum de Sinclair. \u00a1Qui\u00e9n se iba a imaginar entonces que la fotograf\u00eda se iba a digitalizar en pocos a\u00f1os! Pues ese mismo a\u00f1o naci\u00f3 tambi\u00e9n DENBORA. El \u00c1rea de Cultura del Ayuntamiento de Barakaldo convoc\u00f3 (por carta, claro) a los asistentes a\u2026","rel":"","context":"En \u00abEventos y concursos\u00bb","img":{"alt_text":"","src":"","width":0,"height":0},"classes":[]}],"_links":{"self":[{"href":"https:\/\/www.denbora.org\/blog\/wp-json\/wp\/v2\/pages\/8"}],"collection":[{"href":"https:\/\/www.denbora.org\/blog\/wp-json\/wp\/v2\/pages"}],"about":[{"href":"https:\/\/www.denbora.org\/blog\/wp-json\/wp\/v2\/types\/page"}],"author":[{"embeddable":true,"href":"https:\/\/www.denbora.org\/blog\/wp-json\/wp\/v2\/users\/1"}],"replies":[{"embeddable":true,"href":"https:\/\/www.denbora.org\/blog\/wp-json\/wp\/v2\/comments?post=8"}],"version-history":[{"count":30,"href":"https:\/\/www.denbora.org\/blog\/wp-json\/wp\/v2\/pages\/8\/revisions"}],"predecessor-version":[{"id":3451,"href":"https:\/\/www.denbora.org\/blog\/wp-json\/wp\/v2\/pages\/8\/revisions\/3451"}],"wp:attachment":[{"href":"https:\/\/www.denbora.org\/blog\/wp-json\/wp\/v2\/media?parent=8"}],"curies":[{"name":"wp","href":"https:\/\/api.w.org\/{rel}","templated":true}]}}